{"id":3115,"date":"2024-01-03T20:27:07","date_gmt":"2024-01-03T20:27:07","guid":{"rendered":"https:\/\/laserbondcom.webplaza.com.au\/?page_id=3115"},"modified":"2024-04-29T04:18:47","modified_gmt":"2024-04-29T04:18:47","slug":"vacuum-stainless-steel-heat-treatment","status":"publish","type":"page","link":"https:\/\/www.laserbond.com\/es\/services-we-offer\/technologies-we-use\/vacuum-stainless-steel-heat-treatment\/","title":{"rendered":"Tratamiento t\u00e9rmico al vac\u00edo y acero inoxidable"},"content":{"rendered":"<h2>Benefits of Vacuum Heat Treatment for Stainless Steel Heat Treating in Sydney<\/h2>\n<div>If you manufacture parts, equipment or machinery for capital-intensive industries (those who rely on their machinery to do their job), you need to assure them your products are durable, easily repairable and extra reliable. Parts that are exposed to intense heat or abrasive chemicals can degrade quickly, and should they cause equipment to fail, the consequences can include diminished productivity, business downtime and ultimately lost profits. Fortunately, heat treatment in Sydney can mitigate such risks.<\/div>\n<div><\/div>\n<div>\n<div>En LaserBond, ofrecemos una amplia gama de tratamientos t\u00e9rmicos a fabricantes de piezas OEM y empresas con uso intensivo de capital. Las industrias a las que servimos incluyen la miner\u00eda, la construcci\u00f3n, la industria, el aparejo e incluso la aviaci\u00f3n, pero podemos tratar componentes de acero inoxidable para casi cualquier persona que necesite maximizar el rendimiento de su maquinaria. Realizamos toda nuestra investigaci\u00f3n y desarrollo internamente y nos hemos vuelto reconocidos por nuestra capacidad para satisfacer todos los requisitos.<\/div>\n<div><\/div>\n<div>In addition to heat treating in Sydney, our services and products include:<\/div>\n<ul>\n<li>Revestimiento l\u00e1ser<\/li>\n<li>Pulverizaci\u00f3n t\u00e9rmica<\/li>\n<li>Mecanizado<\/li>\n<li>Soldadura<\/li>\n<li>Revestimiento de la superficie<\/li>\n<li>Herramientas de perforaci\u00f3n<\/li>\n<li>Rodillos de acero de carburo compuesto<\/li>\n<\/ul>\n<div>If you have any questions about heat treating or any of the services listed above, we\u2019d love to hear from you. Call us on +61 2 4631 4500 to find out why we\u2019re recognised as industry leaders in Sydney, wider Australia and beyond.<\/div>\n<div><\/div>\n<h2>Why Stainless Steel Heat Treating in Sydney Is So Advantageous<\/h2>\n<div>You can feel confident that our vacuum heat treatment in Sydney will leave a long-lasting effect on the surfaces of your metal components or equipment, which is beneficial because you:<\/div>\n<ul>\n<li><strong>Minimise your environmental impact<\/strong><br \/>\nDebido a que el acero inoxidable tratado t\u00e9rmicamente al vac\u00edo es extra duradero, sus clientes pueden minimizar sus requisitos de reparaci\u00f3n y mantenimiento. En consecuencia, pueden reducir su huella de carbono a\u00f1adiendo a\u00f1os a la vida \u00fatil de sus equipos pesados y, al mismo tiempo, ahorrando dinero en el proceso.<\/li>\n<li><strong>Reduce business downtime resulting from problematic machinery<\/strong><br \/>\nEquipment and machinery failures can cost businesses in capital-intensive industries thousands of dollars in downtime. By ensuring your stainless steel products can put up stiff resistance to corrosion while improving their strength, you can reassure customers that downtime won\u2019t be an issue.<\/li>\n<li><strong>Supply customers with quality product<\/strong><br \/>\nStainless steel heat treating in Sydney can help you make your products a cut above the competition. Our heat treatments maximise the lifespan of your parts and equipment, allowing you to supply your customers with high-quality products which won\u2019t let them down.<\/li>\n<li><strong>Improve the performance of stainless steel components<\/strong><br \/>\nWhether you want to improve the elasticity of your components or toughen the surfaces of your heavy equipment, we have the most suitable method of heat treating in Sydney for you.<\/li>\n<\/ul>\n<h2>Learn More about Vacuum Heat Treatment in Sydney<\/h2>\n<div>We continually develop and improve our services by utilising the skills of our highly experienced professionals and our range of state-of-the-art equipment. Thanks to having our own advanced metallurgy lab, we\u2019re leaders in R&amp;D innovation and enjoy an enviable reputation. We also commit to contributing to a sustainable environment and always comply with the most stringent safety and quality regulations. If you want to discuss your needs or find out how we can help you, call us on +61 2 4631 4500.<\/div>\n<\/div>","protected":false},"excerpt":{"rendered":"<p>Ofrecemos una amplia gama de tratamientos t\u00e9rmicos.<\/p>","protected":false},"author":1,"featured_media":4936,"parent":65,"menu_order":0,"comment_status":"closed","ping_status":"closed","template":"","meta":{"_acf_changed":false,"content-type":"","footnotes":""},"class_list":["post-3115","page","type-page","status-publish","has-post-thumbnail","hentry"],"acf":[],"yoast_head":"<!-- This site is optimized with the Yoast SEO plugin v27.1.1 - https:\/\/yoast.com\/product\/yoast-seo-wordpress\/ -->\n<title>Vacuum &amp; Stainless Steel Heat Treatment | LaserBond Services<\/title>\n<meta name=\"description\" content=\"LaserBond&#039;s specialised vacuum heat treatment services for stainless steel, enable the delivering of exceptional strength and corrosion resistance in machinery.\" \/>\n<meta name=\"robots\" content=\"index, follow, max-snippet:-1, max-image-preview:large, max-video-preview:-1\" \/>\n<link rel=\"canonical\" href=\"https:\/\/www.laserbond.com\/es\/services-we-offer\/technologies-we-use\/vacuum-stainless-steel-heat-treatment\/\" \/>\n<meta property=\"og:locale\" content=\"es_ES\" \/>\n<meta property=\"og:type\" content=\"article\" \/>\n<meta property=\"og:title\" content=\"Vacuum &amp; Stainless Steel Heat Treatment | LaserBond Services\" \/>\n<meta property=\"og:description\" content=\"LaserBond&#039;s specialised vacuum heat treatment services for stainless steel, enable the delivering of exceptional strength and corrosion resistance in machinery.\" \/>\n<meta property=\"og:url\" content=\"https:\/\/www.laserbond.com\/es\/services-we-offer\/technologies-we-use\/vacuum-stainless-steel-heat-treatment\/\" \/>\n<meta property=\"og:site_name\" content=\"Laserbond\" \/>\n<meta property=\"article:modified_time\" content=\"2024-04-29T04:18:47+00:00\" \/>\n<meta property=\"og:image\" content=\"https:\/\/www.laserbond.com\/app\/uploads\/2024\/01\/Heat_Treat_1-edd4c3da58.jpg\" \/>\n\t<meta property=\"og:image:width\" content=\"690\" \/>\n\t<meta property=\"og:image:height\" content=\"320\" \/>\n\t<meta property=\"og:image:type\" content=\"image\/jpeg\" \/>\n<meta name=\"twitter:card\" content=\"summary_large_image\" \/>\n<meta name=\"twitter:label1\" content=\"Tiempo de lectura\" \/>\n\t<meta name=\"twitter:data1\" content=\"3 minutos\" \/>\n<script type=\"application\/ld+json\" class=\"yoast-schema-graph\">{\"@context\":\"https:\/\/schema.org\",\"@graph\":[{\"@type\":\"WebPage\",\"@id\":\"https:\/\/www.laserbond.com\/services-we-offer\/technologies-we-use\/vacuum-stainless-steel-heat-treatment\/\",\"url\":\"https:\/\/www.laserbond.com\/services-we-offer\/technologies-we-use\/vacuum-stainless-steel-heat-treatment\/\",\"name\":\"Vacuum & Stainless Steel Heat Treatment | LaserBond Services\",\"isPartOf\":{\"@id\":\"https:\/\/www.laserbond.com\/#website\"},\"primaryImageOfPage\":{\"@id\":\"https:\/\/www.laserbond.com\/services-we-offer\/technologies-we-use\/vacuum-stainless-steel-heat-treatment\/#primaryimage\"},\"image\":{\"@id\":\"https:\/\/www.laserbond.com\/services-we-offer\/technologies-we-use\/vacuum-stainless-steel-heat-treatment\/#primaryimage\"},\"thumbnailUrl\":\"https:\/\/www.laserbond.com\/app\/uploads\/2024\/01\/Heat_Treat_1-edd4c3da58.jpg\",\"datePublished\":\"2024-01-03T20:27:07+00:00\",\"dateModified\":\"2024-04-29T04:18:47+00:00\",\"description\":\"LaserBond's specialised vacuum heat treatment services for stainless steel, enable the delivering of exceptional strength and corrosion resistance in machinery.\",\"breadcrumb\":{\"@id\":\"https:\/\/www.laserbond.com\/services-we-offer\/technologies-we-use\/vacuum-stainless-steel-heat-treatment\/#breadcrumb\"},\"inLanguage\":\"es\",\"potentialAction\":[{\"@type\":\"ReadAction\",\"target\":[\"https:\/\/www.laserbond.com\/services-we-offer\/technologies-we-use\/vacuum-stainless-steel-heat-treatment\/\"]}]},{\"@type\":\"ImageObject\",\"inLanguage\":\"es\",\"@id\":\"https:\/\/www.laserbond.com\/services-we-offer\/technologies-we-use\/vacuum-stainless-steel-heat-treatment\/#primaryimage\",\"url\":\"https:\/\/www.laserbond.com\/app\/uploads\/2024\/01\/Heat_Treat_1-edd4c3da58.jpg\",\"contentUrl\":\"https:\/\/www.laserbond.com\/app\/uploads\/2024\/01\/Heat_Treat_1-edd4c3da58.jpg\",\"width\":690,\"height\":320,\"caption\":\"Vacuum & Stainless Steel Heat Treatment\"},{\"@type\":\"BreadcrumbList\",\"@id\":\"https:\/\/www.laserbond.com\/services-we-offer\/technologies-we-use\/vacuum-stainless-steel-heat-treatment\/#breadcrumb\",\"itemListElement\":[{\"@type\":\"ListItem\",\"position\":1,\"name\":\"Home\",\"item\":\"https:\/\/www.laserbond.com\/\"},{\"@type\":\"ListItem\",\"position\":2,\"name\":\"Services We Offer\",\"item\":\"https:\/\/www.laserbond.com\/services-we-offer\/\"},{\"@type\":\"ListItem\",\"position\":3,\"name\":\"Technologies We Use\",\"item\":\"https:\/\/www.laserbond.com\/services-we-offer\/technologies-we-use\/\"},{\"@type\":\"ListItem\",\"position\":4,\"name\":\"Vacuum &#038; Stainless Steel Heat Treatment\"}]},{\"@type\":\"WebSite\",\"@id\":\"https:\/\/www.laserbond.com\/#website\",\"url\":\"https:\/\/www.laserbond.com\/\",\"name\":\"Laserbond\",\"description\":\"Surface Engineering Company in Australia\",\"publisher\":{\"@id\":\"https:\/\/www.laserbond.com\/#organization\"},\"potentialAction\":[{\"@type\":\"SearchAction\",\"target\":{\"@type\":\"EntryPoint\",\"urlTemplate\":\"https:\/\/www.laserbond.com\/?s={search_term_string}\"},\"query-input\":{\"@type\":\"PropertyValueSpecification\",\"valueRequired\":true,\"valueName\":\"search_term_string\"}}],\"inLanguage\":\"es\"},{\"@type\":\"Organization\",\"@id\":\"https:\/\/www.laserbond.com\/#organization\",\"name\":\"Laserbond\",\"url\":\"https:\/\/www.laserbond.com\/\",\"logo\":{\"@type\":\"ImageObject\",\"inLanguage\":\"es\",\"@id\":\"https:\/\/www.laserbond.com\/#\/schema\/logo\/image\/\",\"url\":\"https:\/\/www.laserbond.com\/app\/uploads\/2023\/05\/laserbond-logo-landscape.png\",\"contentUrl\":\"https:\/\/www.laserbond.com\/app\/uploads\/2023\/05\/laserbond-logo-landscape.png\",\"width\":1399,\"height\":214,\"caption\":\"Laserbond\"},\"image\":{\"@id\":\"https:\/\/www.laserbond.com\/#\/schema\/logo\/image\/\"}}]}<\/script>\n<!-- \/ Yoast SEO plugin. -->","yoast_head_json":{"title":"Vacuum & Stainless Steel Heat Treatment | LaserBond Services","description":"LaserBond's specialised vacuum heat treatment services for stainless steel, enable the delivering of exceptional strength and corrosion resistance in machinery.","robots":{"index":"index","follow":"follow","max-snippet":"max-snippet:-1","max-image-preview":"max-image-preview:large","max-video-preview":"max-video-preview:-1"},"canonical":"https:\/\/www.laserbond.com\/es\/services-we-offer\/technologies-we-use\/vacuum-stainless-steel-heat-treatment\/","og_locale":"es_ES","og_type":"article","og_title":"Vacuum & Stainless Steel Heat Treatment | LaserBond Services","og_description":"LaserBond's specialised vacuum heat treatment services for stainless steel, enable the delivering of exceptional strength and corrosion resistance in machinery.","og_url":"https:\/\/www.laserbond.com\/es\/services-we-offer\/technologies-we-use\/vacuum-stainless-steel-heat-treatment\/","og_site_name":"Laserbond","article_modified_time":"2024-04-29T04:18:47+00:00","og_image":[{"width":690,"height":320,"url":"https:\/\/www.laserbond.com\/app\/uploads\/2024\/01\/Heat_Treat_1-edd4c3da58.jpg","type":"image\/jpeg"}],"twitter_card":"summary_large_image","twitter_misc":{"Tiempo de lectura":"3 minutos"},"schema":{"@context":"https:\/\/schema.org","@graph":[{"@type":"WebPage","@id":"https:\/\/www.laserbond.com\/services-we-offer\/technologies-we-use\/vacuum-stainless-steel-heat-treatment\/","url":"https:\/\/www.laserbond.com\/services-we-offer\/technologies-we-use\/vacuum-stainless-steel-heat-treatment\/","name":"Vacuum & Stainless Steel Heat Treatment | LaserBond Services","isPartOf":{"@id":"https:\/\/www.laserbond.com\/#website"},"primaryImageOfPage":{"@id":"https:\/\/www.laserbond.com\/services-we-offer\/technologies-we-use\/vacuum-stainless-steel-heat-treatment\/#primaryimage"},"image":{"@id":"https:\/\/www.laserbond.com\/services-we-offer\/technologies-we-use\/vacuum-stainless-steel-heat-treatment\/#primaryimage"},"thumbnailUrl":"https:\/\/www.laserbond.com\/app\/uploads\/2024\/01\/Heat_Treat_1-edd4c3da58.jpg","datePublished":"2024-01-03T20:27:07+00:00","dateModified":"2024-04-29T04:18:47+00:00","description":"LaserBond's specialised vacuum heat treatment services for stainless steel, enable the delivering of exceptional strength and corrosion resistance in machinery.","breadcrumb":{"@id":"https:\/\/www.laserbond.com\/services-we-offer\/technologies-we-use\/vacuum-stainless-steel-heat-treatment\/#breadcrumb"},"inLanguage":"es","potentialAction":[{"@type":"ReadAction","target":["https:\/\/www.laserbond.com\/services-we-offer\/technologies-we-use\/vacuum-stainless-steel-heat-treatment\/"]}]},{"@type":"ImageObject","inLanguage":"es","@id":"https:\/\/www.laserbond.com\/services-we-offer\/technologies-we-use\/vacuum-stainless-steel-heat-treatment\/#primaryimage","url":"https:\/\/www.laserbond.com\/app\/uploads\/2024\/01\/Heat_Treat_1-edd4c3da58.jpg","contentUrl":"https:\/\/www.laserbond.com\/app\/uploads\/2024\/01\/Heat_Treat_1-edd4c3da58.jpg","width":690,"height":320,"caption":"Vacuum & Stainless Steel Heat Treatment"},{"@type":"BreadcrumbList","@id":"https:\/\/www.laserbond.com\/services-we-offer\/technologies-we-use\/vacuum-stainless-steel-heat-treatment\/#breadcrumb","itemListElement":[{"@type":"ListItem","position":1,"name":"Home","item":"https:\/\/www.laserbond.com\/"},{"@type":"ListItem","position":2,"name":"Services We Offer","item":"https:\/\/www.laserbond.com\/services-we-offer\/"},{"@type":"ListItem","position":3,"name":"Technologies We Use","item":"https:\/\/www.laserbond.com\/services-we-offer\/technologies-we-use\/"},{"@type":"ListItem","position":4,"name":"Vacuum &#038; Stainless Steel Heat Treatment"}]},{"@type":"WebSite","@id":"https:\/\/www.laserbond.com\/#website","url":"https:\/\/www.laserbond.com\/","name":"Laserbond","description":"Surface Engineering Company in Australia","publisher":{"@id":"https:\/\/www.laserbond.com\/#organization"},"potentialAction":[{"@type":"SearchAction","target":{"@type":"EntryPoint","urlTemplate":"https:\/\/www.laserbond.com\/?s={search_term_string}"},"query-input":{"@type":"PropertyValueSpecification","valueRequired":true,"valueName":"search_term_string"}}],"inLanguage":"es"},{"@type":"Organization","@id":"https:\/\/www.laserbond.com\/#organization","name":"Laserbond","url":"https:\/\/www.laserbond.com\/","logo":{"@type":"ImageObject","inLanguage":"es","@id":"https:\/\/www.laserbond.com\/#\/schema\/logo\/image\/","url":"https:\/\/www.laserbond.com\/app\/uploads\/2023\/05\/laserbond-logo-landscape.png","contentUrl":"https:\/\/www.laserbond.com\/app\/uploads\/2023\/05\/laserbond-logo-landscape.png","width":1399,"height":214,"caption":"Laserbond"},"image":{"@id":"https:\/\/www.laserbond.com\/#\/schema\/logo\/image\/"}}]}},"_links":{"self":[{"href":"https:\/\/www.laserbond.com\/es\/wp-json\/wp\/v2\/pages\/3115","targetHints":{"allow":["GET"]}}],"collection":[{"href":"https:\/\/www.laserbond.com\/es\/wp-json\/wp\/v2\/pages"}],"about":[{"href":"https:\/\/www.laserbond.com\/es\/wp-json\/wp\/v2\/types\/page"}],"author":[{"embeddable":true,"href":"https:\/\/www.laserbond.com\/es\/wp-json\/wp\/v2\/users\/1"}],"replies":[{"embeddable":true,"href":"https:\/\/www.laserbond.com\/es\/wp-json\/wp\/v2\/comments?post=3115"}],"version-history":[{"count":5,"href":"https:\/\/www.laserbond.com\/es\/wp-json\/wp\/v2\/pages\/3115\/revisions"}],"predecessor-version":[{"id":4942,"href":"https:\/\/www.laserbond.com\/es\/wp-json\/wp\/v2\/pages\/3115\/revisions\/4942"}],"up":[{"embeddable":true,"href":"https:\/\/www.laserbond.com\/es\/wp-json\/wp\/v2\/pages\/65"}],"wp:featuredmedia":[{"embeddable":true,"href":"https:\/\/www.laserbond.com\/es\/wp-json\/wp\/v2\/media\/4936"}],"wp:attachment":[{"href":"https:\/\/www.laserbond.com\/es\/wp-json\/wp\/v2\/media?parent=3115"}],"curies":[{"name":"wp","href":"https:\/\/api.w.org\/{rel}","templated":true}]}}