{"id":3331,"date":"2024-01-09T17:08:52","date_gmt":"2024-01-09T17:08:52","guid":{"rendered":"https:\/\/laserbondcom.webplaza.com.au\/?page_id=3331"},"modified":"2024-07-30T13:51:01","modified_gmt":"2024-07-30T03:51:01","slug":"technology-we-sell","status":"publish","type":"page","link":"https:\/\/www.laserbond.com\/es\/technology-we-sell\/","title":{"rendered":"Tecnolog\u00eda"},"content":{"rendered":"<div data-elementor-type=\"wp-page\" data-elementor-id=\"3331\" class=\"elementor elementor-3331\" data-elementor-post-type=\"page\">\n\t\t\t\t<div class=\"elementor-element elementor-element-d9ca670 will-fadeIn e-flex e-con-boxed elementor-invisible e-con e-parent\" data-id=\"d9ca670\" data-element_type=\"container\" data-e-type=\"container\" data-settings=\"{&quot;animation&quot;:&quot;fadeIn&quot;}\">\n\t\t\t\t\t<div class=\"e-con-inner\">\n\t\t<div class=\"elementor-element elementor-element-4bc381db e-con-full e-flex e-con e-child\" data-id=\"4bc381db\" data-element_type=\"container\" data-e-type=\"container\">\n\t\t\t\t<div class=\"elementor-element elementor-element-1aca7594 elementor-widget__width-inherit elementor-widget-tablet__width-inherit elementor-widget elementor-widget-heading\" data-id=\"1aca7594\" data-element_type=\"widget\" data-e-type=\"widget\" data-widget_type=\"heading.default\">\n\t\t\t\t<div class=\"elementor-widget-container\">\n\t\t\t\t\t<h2 class=\"elementor-heading-title elementor-size-default\">LaserBond is Founded on Innovation in Surface Engineering.<\/h2>\t\t\t\t<\/div>\n\t\t\t\t<\/div>\n\t\t\t\t<div class=\"elementor-element elementor-element-7d2fb33c elementor-widget-tablet__width-inherit elementor-widget elementor-widget-text-editor\" data-id=\"7d2fb33c\" data-element_type=\"widget\" data-e-type=\"widget\" data-widget_type=\"text-editor.default\">\n\t\t\t\t<div class=\"elementor-widget-container\">\n\t\t\t\t\t\t\t\t\t<p>We have accumulated 30 years of understanding around the mechanics of wear to vital machine components that experience some of the fastest wear rates in highly abrasive and chemically hostile environments.<\/p><p>Nuestra cultura de innovaci\u00f3n nos permite implementar tecnolog\u00eda innovadora de ingenier\u00eda de superficies que reduce los costos de mantenimiento, mejora el rendimiento y extiende la vida \u00fatil de la maquinaria.<\/p>\t\t\t\t\t\t\t\t<\/div>\n\t\t\t\t<\/div>\n\t\t\t\t<\/div>\n\t\t\t\t<div class=\"elementor-element elementor-element-1b0c061 elementor-widget__width-initial elementor-hidden-mobile elementor-widget elementor-widget-image\" data-id=\"1b0c061\" data-element_type=\"widget\" data-e-type=\"widget\" data-widget_type=\"image.default\">\n\t\t\t\t<div class=\"elementor-widget-container\">\n\t\t\t\t\t\t\t\t\t\t\t\t\t\t\t<img fetchpriority=\"high\" decoding=\"async\" width=\"690\" height=\"320\" src=\"https:\/\/www.laserbond.com\/app\/uploads\/2024\/01\/Final_Testing_Movement_Control.1000p-c57510e6d8.jpg\" class=\"attachment-large size-large wp-image-4638\" alt=\"Our Technology &amp; Licensing\" srcset=\"https:\/\/www.laserbond.com\/app\/uploads\/2024\/01\/Final_Testing_Movement_Control.1000p-c57510e6d8.jpg 690w, https:\/\/www.laserbond.com\/app\/uploads\/2024\/01\/Final_Testing_Movement_Control.1000p-c57510e6d8-300x139.jpg 300w\" sizes=\"(max-width: 690px) 100vw, 690px\" \/>\t\t\t\t\t\t\t\t\t\t\t\t\t\t\t<\/div>\n\t\t\t\t<\/div>\n\t\t\t\t\t<\/div>\n\t\t\t\t<\/div>\n\t\t<div class=\"elementor-element elementor-element-737dca9 will-fadeIn e-flex e-con-boxed elementor-invisible e-con e-parent\" data-id=\"737dca9\" data-element_type=\"container\" data-e-type=\"container\" data-settings=\"{&quot;animation&quot;:&quot;fadeIn&quot;}\">\n\t\t\t\t\t<div class=\"e-con-inner\">\n\t\t\t\t<div class=\"elementor-element elementor-element-801ed51 elementor-widget-tablet__width-inherit elementor-widget elementor-widget-text-editor\" data-id=\"801ed51\" data-element_type=\"widget\" data-e-type=\"widget\" data-widget_type=\"text-editor.default\">\n\t\t\t\t<div class=\"elementor-widget-container\">\n\t\t\t\t\t\t\t\t\t<p>By necessity Australia&#8217;s surface engineering market offers extensive exposure to many very different problems, which we see through our service customers. These customers are seeking a new or better than new repair or refurbishment of capital equipment they are maintaining. R&amp;D often uses the learnings from worn parts to identify innovative metallurgy or cladding methodology solutions that offer superior customer outcomes. While some services customers see long-wear life as a threat to their regular maintenance activities, owners seeking productivity gains do not.<\/p><p>Our best collaborators are the global OEMs who are seeking a strategic sales advantage through the inclusion of specialized components in their equipment offering, and with &#8220;performance or price \/ unit&#8221; contracts, where productivity is the priority and environmental sustainability is valued. This thinking underpins our products division.<\/p><p>We now package our unique know-how into the tailored technology license package.<\/p>\t\t\t\t\t\t\t\t<\/div>\n\t\t\t\t<\/div>\n\t\t\t\t\t<\/div>\n\t\t\t\t<\/div>\n\t\t<div class=\"elementor-element elementor-element-f0fc504 e-flex e-con-boxed e-con e-parent\" data-id=\"f0fc504\" data-element_type=\"container\" data-e-type=\"container\">\n\t\t\t\t\t<div class=\"e-con-inner\">\n\t\t<div class=\"elementor-element elementor-element-ace7cfe e-con-full e-flex e-con e-child\" data-id=\"ace7cfe\" data-element_type=\"container\" data-e-type=\"container\">\n\t\t\t\t<div class=\"elementor-element elementor-element-8a27c06 elementor-widget elementor-widget-heading\" data-id=\"8a27c06\" data-element_type=\"widget\" data-e-type=\"widget\" data-widget_type=\"heading.default\">\n\t\t\t\t<div class=\"elementor-widget-container\">\n\t\t\t\t\t<h2 class=\"elementor-heading-title elementor-size-default\">Licencia<\/h2>\t\t\t\t<\/div>\n\t\t\t\t<\/div>\n\t\t\t\t<div class=\"elementor-element elementor-element-ec66021 elementor-widget__width-inherit elementor-widget elementor-widget-text-editor\" data-id=\"ec66021\" data-element_type=\"widget\" data-e-type=\"widget\" data-widget_type=\"text-editor.default\">\n\t\t\t\t<div class=\"elementor-widget-container\">\n\t\t\t\t\t\t\t\t\t<p>The LaserBond licencing package on offer integrates a tailored equipment package for an industry or market application with exclusive access to LaserBond&#8217;s surface engineering research and technology.<\/p>\t\t\t\t\t\t\t\t<\/div>\n\t\t\t\t<\/div>\n\t\t\t\t<\/div>\n\t\t<div class=\"elementor-element elementor-element-c0aa5e4 e-con-full e-flex e-con e-child\" data-id=\"c0aa5e4\" data-element_type=\"container\" data-e-type=\"container\">\n\t\t\t\t<div class=\"elementor-element elementor-element-3a385cc elementor-invisible elementor-widget elementor-widget-button\" data-id=\"3a385cc\" data-element_type=\"widget\" data-e-type=\"widget\" data-settings=\"{&quot;_animation&quot;:&quot;fadeInDown&quot;}\" data-widget_type=\"button.default\">\n\t\t\t\t<div class=\"elementor-widget-container\">\n\t\t\t\t\t\t\t\t\t<div class=\"elementor-button-wrapper\">\n\t\t\t\t\t<a class=\"elementor-button elementor-button-link elementor-size-sm\" href=\"\/es\/technology-we-sell\/licensing\/\">\n\t\t\t\t\t\t<span class=\"elementor-button-content-wrapper\">\n\t\t\t\t\t\t\t\t\t<span class=\"elementor-button-text\">FIND OUT MORE<\/span>\n\t\t\t\t\t<\/span>\n\t\t\t\t\t<\/a>\n\t\t\t\t<\/div>\n\t\t\t\t\t\t\t\t<\/div>\n\t\t\t\t<\/div>\n\t\t\t\t<\/div>\n\t\t\t\t\t<\/div>\n\t\t\t\t<\/div>\n\t\t<div class=\"elementor-element elementor-element-642e83fc e-flex e-con-boxed e-con e-parent\" data-id=\"642e83fc\" data-element_type=\"container\" data-e-type=\"container\">\n\t\t\t\t\t<div class=\"e-con-inner\">\n\t\t\t\t\t<\/div>\n\t\t\t\t<\/div>\n\t\t<div class=\"elementor-element elementor-element-21896487 e-flex e-con-boxed e-con e-parent\" data-id=\"21896487\" data-element_type=\"container\" data-e-type=\"container\">\n\t\t\t\t\t<div class=\"e-con-inner\">\n\t\t\t\t<div class=\"elementor-element elementor-element-36855d17 elementor-widget-divider--view-line elementor-widget elementor-widget-divider\" data-id=\"36855d17\" data-element_type=\"widget\" data-e-type=\"widget\" data-widget_type=\"divider.default\">\n\t\t\t\t<div class=\"elementor-widget-container\">\n\t\t\t\t\t\t\t<div class=\"elementor-divider\">\n\t\t\t<span class=\"elementor-divider-separator\">\n\t\t\t\t\t\t<\/span>\n\t\t<\/div>\n\t\t\t\t\t\t<\/div>\n\t\t\t\t<\/div>\n\t\t\t\t\t<\/div>\n\t\t\t\t<\/div>\n\t\t<div class=\"elementor-element elementor-element-3def7d68 e-flex e-con-boxed e-con e-parent\" data-id=\"3def7d68\" data-element_type=\"container\" data-e-type=\"container\">\n\t\t\t\t\t<div class=\"e-con-inner\">\n\t\t\t\t<div class=\"elementor-element elementor-element-76794074 elementor-widget elementor-widget-heading\" data-id=\"76794074\" data-element_type=\"widget\" data-e-type=\"widget\" data-widget_type=\"heading.default\">\n\t\t\t\t<div class=\"elementor-widget-container\">\n\t\t\t\t\t<h2 class=\"elementor-heading-title elementor-size-default\">Descargas<\/h2>\t\t\t\t<\/div>\n\t\t\t\t<\/div>\n\t\t\t\t\t<\/div>\n\t\t\t\t<\/div>\n\t\t<div class=\"elementor-element elementor-element-5988cbd5 download_links e-flex e-con-boxed e-con e-parent\" data-id=\"5988cbd5\" data-element_type=\"container\" data-e-type=\"container\">\n\t\t\t\t\t<div class=\"e-con-inner\">\n\t\t\t\t<div class=\"elementor-element elementor-element-62c40701 download_links elementor-icon-list--layout-traditional elementor-list-item-link-full_width elementor-widget elementor-widget-global elementor-global-2785 elementor-widget-icon-list\" data-id=\"62c40701\" data-element_type=\"widget\" data-e-type=\"widget\" data-widget_type=\"icon-list.default\">\n\t\t\t\t<div class=\"elementor-widget-container\">\n\t\t\t\t\t\t\t<ul class=\"elementor-icon-list-items\">\n\t\t\t\t\t\t\t<li class=\"elementor-icon-list-item\">\n\t\t\t\t\t\t\t\t\t\t\t<a href=\"https:\/\/www.laserbond.com\/es\/app\/uploads\/2024\/03\/5-8493-LaserBond-Cap-Statement-Jan-2025-FINAL.pdf\/\" target=\"_blank\">\n\n\t\t\t\t\t\t\t\t\t\t\t\t<span class=\"elementor-icon-list-icon\">\n\t\t\t\t\t\t\t<i aria-hidden=\"true\" class=\"fal fa-download\"><\/i>\t\t\t\t\t\t<\/span>\n\t\t\t\t\t\t\t\t\t\t<span class=\"elementor-icon-list-text\">Descargar Declaraci\u00f3n de Capacidad (PDF)<\/span>\n\t\t\t\t\t\t\t\t\t\t\t<\/a>\n\t\t\t\t\t\t\t\t\t<\/li>\n\t\t\t\t\t\t<\/ul>\n\t\t\t\t\t\t<\/div>\n\t\t\t\t<\/div>\n\t\t\t\t\t<\/div>\n\t\t\t\t<\/div>\n\t\t\t\t<\/div>","protected":false},"excerpt":{"rendered":"<p>LaserBond is Founded on Innovation in Surface Engineering. We have accumulated 30 years of understanding around the mechanics of wear to vital machine components that experience some of the fastest wear rates in highly abrasive and chemically hostile environments. Our culture of innovation enables us to deploy innovative surface engineering technology that reduces maintenance costs, [&hellip;]<\/p>\n","protected":false},"author":1,"featured_media":0,"parent":0,"menu_order":0,"comment_status":"closed","ping_status":"closed","template":"","meta":{"_acf_changed":false,"content-type":"","footnotes":""},"class_list":["post-3331","page","type-page","status-publish","hentry"],"acf":[],"yoast_head":"<!-- This site is optimized with the Yoast SEO plugin v27.1.1 - https:\/\/yoast.com\/product\/yoast-seo-wordpress\/ -->\n<title>Machine Engineering Technology | LaserBond<\/title>\n<meta name=\"description\" content=\"Look no further than LaserBond&#039;s comprehensive range of technologies for surface engineering. From thermal spray to laser cladding, we provide solutions.\" \/>\n<meta name=\"robots\" content=\"index, follow, max-snippet:-1, max-image-preview:large, max-video-preview:-1\" \/>\n<link rel=\"canonical\" href=\"https:\/\/www.laserbond.com\/es\/technology-we-sell\/\" \/>\n<meta property=\"og:locale\" content=\"es_ES\" \/>\n<meta property=\"og:type\" content=\"article\" \/>\n<meta property=\"og:title\" content=\"Machine Engineering Technology | LaserBond\" \/>\n<meta property=\"og:description\" content=\"Look no further than LaserBond&#039;s comprehensive range of technologies for surface engineering. From thermal spray to laser cladding, we provide solutions.\" \/>\n<meta property=\"og:url\" content=\"https:\/\/www.laserbond.com\/es\/technology-we-sell\/\" \/>\n<meta property=\"og:site_name\" content=\"Laserbond\" \/>\n<meta property=\"article:modified_time\" content=\"2024-07-30T03:51:01+00:00\" \/>\n<meta property=\"og:image\" content=\"https:\/\/www.laserbond.com\/app\/uploads\/2024\/01\/Final_Testing_Movement_Control.1000p-c57510e6d8.jpg\" \/>\n<meta name=\"twitter:card\" content=\"summary_large_image\" \/>\n<meta name=\"twitter:label1\" content=\"Tiempo de lectura\" \/>\n\t<meta name=\"twitter:data1\" content=\"2 minutos\" \/>\n<script type=\"application\/ld+json\" class=\"yoast-schema-graph\">{\"@context\":\"https:\/\/schema.org\",\"@graph\":[{\"@type\":\"WebPage\",\"@id\":\"https:\/\/www.laserbond.com\/technology-we-sell\/\",\"url\":\"https:\/\/www.laserbond.com\/technology-we-sell\/\",\"name\":\"Machine Engineering Technology | LaserBond\",\"isPartOf\":{\"@id\":\"https:\/\/www.laserbond.com\/#website\"},\"primaryImageOfPage\":{\"@id\":\"https:\/\/www.laserbond.com\/technology-we-sell\/#primaryimage\"},\"image\":{\"@id\":\"https:\/\/www.laserbond.com\/technology-we-sell\/#primaryimage\"},\"thumbnailUrl\":\"https:\/\/www.laserbond.com\/app\/uploads\/2024\/01\/Final_Testing_Movement_Control.1000p-c57510e6d8.jpg\",\"datePublished\":\"2024-01-09T17:08:52+00:00\",\"dateModified\":\"2024-07-30T03:51:01+00:00\",\"description\":\"Look no further than LaserBond's comprehensive range of technologies for surface engineering. From thermal spray to laser cladding, we provide solutions.\",\"breadcrumb\":{\"@id\":\"https:\/\/www.laserbond.com\/technology-we-sell\/#breadcrumb\"},\"inLanguage\":\"es\",\"potentialAction\":[{\"@type\":\"ReadAction\",\"target\":[\"https:\/\/www.laserbond.com\/technology-we-sell\/\"]}]},{\"@type\":\"ImageObject\",\"inLanguage\":\"es\",\"@id\":\"https:\/\/www.laserbond.com\/technology-we-sell\/#primaryimage\",\"url\":\"https:\/\/www.laserbond.com\/app\/uploads\/2024\/01\/Final_Testing_Movement_Control.1000p-c57510e6d8.jpg\",\"contentUrl\":\"https:\/\/www.laserbond.com\/app\/uploads\/2024\/01\/Final_Testing_Movement_Control.1000p-c57510e6d8.jpg\"},{\"@type\":\"BreadcrumbList\",\"@id\":\"https:\/\/www.laserbond.com\/technology-we-sell\/#breadcrumb\",\"itemListElement\":[{\"@type\":\"ListItem\",\"position\":1,\"name\":\"Home\",\"item\":\"https:\/\/www.laserbond.com\/\"},{\"@type\":\"ListItem\",\"position\":2,\"name\":\"Technology\"}]},{\"@type\":\"WebSite\",\"@id\":\"https:\/\/www.laserbond.com\/#website\",\"url\":\"https:\/\/www.laserbond.com\/\",\"name\":\"Laserbond\",\"description\":\"Surface Engineering Company in Australia\",\"publisher\":{\"@id\":\"https:\/\/www.laserbond.com\/#organization\"},\"potentialAction\":[{\"@type\":\"SearchAction\",\"target\":{\"@type\":\"EntryPoint\",\"urlTemplate\":\"https:\/\/www.laserbond.com\/?s={search_term_string}\"},\"query-input\":{\"@type\":\"PropertyValueSpecification\",\"valueRequired\":true,\"valueName\":\"search_term_string\"}}],\"inLanguage\":\"es\"},{\"@type\":\"Organization\",\"@id\":\"https:\/\/www.laserbond.com\/#organization\",\"name\":\"Laserbond\",\"url\":\"https:\/\/www.laserbond.com\/\",\"logo\":{\"@type\":\"ImageObject\",\"inLanguage\":\"es\",\"@id\":\"https:\/\/www.laserbond.com\/#\/schema\/logo\/image\/\",\"url\":\"https:\/\/www.laserbond.com\/app\/uploads\/2023\/05\/laserbond-logo-landscape.png\",\"contentUrl\":\"https:\/\/www.laserbond.com\/app\/uploads\/2023\/05\/laserbond-logo-landscape.png\",\"width\":1399,\"height\":214,\"caption\":\"Laserbond\"},\"image\":{\"@id\":\"https:\/\/www.laserbond.com\/#\/schema\/logo\/image\/\"}}]}<\/script>\n<!-- \/ Yoast SEO plugin. -->","yoast_head_json":{"title":"Machine Engineering Technology | LaserBond","description":"Look no further than LaserBond's comprehensive range of technologies for surface engineering. From thermal spray to laser cladding, we provide solutions.","robots":{"index":"index","follow":"follow","max-snippet":"max-snippet:-1","max-image-preview":"max-image-preview:large","max-video-preview":"max-video-preview:-1"},"canonical":"https:\/\/www.laserbond.com\/es\/technology-we-sell\/","og_locale":"es_ES","og_type":"article","og_title":"Machine Engineering Technology | LaserBond","og_description":"Look no further than LaserBond's comprehensive range of technologies for surface engineering. From thermal spray to laser cladding, we provide solutions.","og_url":"https:\/\/www.laserbond.com\/es\/technology-we-sell\/","og_site_name":"Laserbond","article_modified_time":"2024-07-30T03:51:01+00:00","og_image":[{"url":"https:\/\/www.laserbond.com\/app\/uploads\/2024\/01\/Final_Testing_Movement_Control.1000p-c57510e6d8.jpg","type":"","width":"","height":""}],"twitter_card":"summary_large_image","twitter_misc":{"Tiempo de lectura":"2 minutos"},"schema":{"@context":"https:\/\/schema.org","@graph":[{"@type":"WebPage","@id":"https:\/\/www.laserbond.com\/technology-we-sell\/","url":"https:\/\/www.laserbond.com\/technology-we-sell\/","name":"Machine Engineering Technology | LaserBond","isPartOf":{"@id":"https:\/\/www.laserbond.com\/#website"},"primaryImageOfPage":{"@id":"https:\/\/www.laserbond.com\/technology-we-sell\/#primaryimage"},"image":{"@id":"https:\/\/www.laserbond.com\/technology-we-sell\/#primaryimage"},"thumbnailUrl":"https:\/\/www.laserbond.com\/app\/uploads\/2024\/01\/Final_Testing_Movement_Control.1000p-c57510e6d8.jpg","datePublished":"2024-01-09T17:08:52+00:00","dateModified":"2024-07-30T03:51:01+00:00","description":"Look no further than LaserBond's comprehensive range of technologies for surface engineering. From thermal spray to laser cladding, we provide solutions.","breadcrumb":{"@id":"https:\/\/www.laserbond.com\/technology-we-sell\/#breadcrumb"},"inLanguage":"es","potentialAction":[{"@type":"ReadAction","target":["https:\/\/www.laserbond.com\/technology-we-sell\/"]}]},{"@type":"ImageObject","inLanguage":"es","@id":"https:\/\/www.laserbond.com\/technology-we-sell\/#primaryimage","url":"https:\/\/www.laserbond.com\/app\/uploads\/2024\/01\/Final_Testing_Movement_Control.1000p-c57510e6d8.jpg","contentUrl":"https:\/\/www.laserbond.com\/app\/uploads\/2024\/01\/Final_Testing_Movement_Control.1000p-c57510e6d8.jpg"},{"@type":"BreadcrumbList","@id":"https:\/\/www.laserbond.com\/technology-we-sell\/#breadcrumb","itemListElement":[{"@type":"ListItem","position":1,"name":"Home","item":"https:\/\/www.laserbond.com\/"},{"@type":"ListItem","position":2,"name":"Technology"}]},{"@type":"WebSite","@id":"https:\/\/www.laserbond.com\/#website","url":"https:\/\/www.laserbond.com\/","name":"Laserbond","description":"Surface Engineering Company in Australia","publisher":{"@id":"https:\/\/www.laserbond.com\/#organization"},"potentialAction":[{"@type":"SearchAction","target":{"@type":"EntryPoint","urlTemplate":"https:\/\/www.laserbond.com\/?s={search_term_string}"},"query-input":{"@type":"PropertyValueSpecification","valueRequired":true,"valueName":"search_term_string"}}],"inLanguage":"es"},{"@type":"Organization","@id":"https:\/\/www.laserbond.com\/#organization","name":"Laserbond","url":"https:\/\/www.laserbond.com\/","logo":{"@type":"ImageObject","inLanguage":"es","@id":"https:\/\/www.laserbond.com\/#\/schema\/logo\/image\/","url":"https:\/\/www.laserbond.com\/app\/uploads\/2023\/05\/laserbond-logo-landscape.png","contentUrl":"https:\/\/www.laserbond.com\/app\/uploads\/2023\/05\/laserbond-logo-landscape.png","width":1399,"height":214,"caption":"Laserbond"},"image":{"@id":"https:\/\/www.laserbond.com\/#\/schema\/logo\/image\/"}}]}},"_links":{"self":[{"href":"https:\/\/www.laserbond.com\/es\/wp-json\/wp\/v2\/pages\/3331","targetHints":{"allow":["GET"]}}],"collection":[{"href":"https:\/\/www.laserbond.com\/es\/wp-json\/wp\/v2\/pages"}],"about":[{"href":"https:\/\/www.laserbond.com\/es\/wp-json\/wp\/v2\/types\/page"}],"author":[{"embeddable":true,"href":"https:\/\/www.laserbond.com\/es\/wp-json\/wp\/v2\/users\/1"}],"replies":[{"embeddable":true,"href":"https:\/\/www.laserbond.com\/es\/wp-json\/wp\/v2\/comments?post=3331"}],"version-history":[{"count":44,"href":"https:\/\/www.laserbond.com\/es\/wp-json\/wp\/v2\/pages\/3331\/revisions"}],"predecessor-version":[{"id":6841,"href":"https:\/\/www.laserbond.com\/es\/wp-json\/wp\/v2\/pages\/3331\/revisions\/6841"}],"wp:attachment":[{"href":"https:\/\/www.laserbond.com\/es\/wp-json\/wp\/v2\/media?parent=3331"}],"curies":[{"name":"wp","href":"https:\/\/api.w.org\/{rel}","templated":true}]}}