{"id":3099,"date":"2024-01-03T20:19:34","date_gmt":"2024-01-03T20:19:34","guid":{"rendered":"https:\/\/laserbondcom.webplaza.com.au\/?page_id=3099"},"modified":"2025-05-16T15:15:28","modified_gmt":"2025-05-16T05:15:28","slug":"laser-cladding","status":"publish","type":"page","link":"https:\/\/www.laserbond.com\/fr\/services-we-offer\/technologies-we-use\/laser-cladding\/","title":{"rendered":"Rev\u00eatement laser"},"content":{"rendered":"<div data-elementor-type=\"wp-page\" data-elementor-id=\"3099\" class=\"elementor elementor-3099\" data-elementor-post-type=\"page\">\n\t\t\t\t<div class=\"elementor-element elementor-element-1110efea e-flex e-con-boxed e-con e-parent\" data-id=\"1110efea\" data-element_type=\"container\" data-e-type=\"container\">\n\t\t\t\t\t<div class=\"e-con-inner\">\n\t\t<div class=\"elementor-element elementor-element-74c97106 e-con-full e-flex e-con e-child\" data-id=\"74c97106\" data-element_type=\"container\" data-e-type=\"container\">\n\t\t\t\t<div class=\"elementor-element elementor-element-210124a0 elementor-widget__width-inherit elementor-widget-tablet__width-inherit elementor-widget elementor-widget-heading\" data-id=\"210124a0\" data-element_type=\"widget\" data-e-type=\"widget\" data-widget_type=\"heading.default\">\n\t\t\t\t<div class=\"elementor-widget-container\">\n\t\t\t\t\t<h2 class=\"elementor-heading-title elementor-size-default\">About Laser Cladding<\/h2>\t\t\t\t<\/div>\n\t\t\t\t<\/div>\n\t\t\t\t<div class=\"elementor-element elementor-element-64c9d0d7 elementor-widget-tablet__width-inherit elementor-widget elementor-widget-text-editor\" data-id=\"64c9d0d7\" data-element_type=\"widget\" data-e-type=\"widget\" data-widget_type=\"text-editor.default\">\n\t\t\t\t<div class=\"elementor-widget-container\">\n\t\t\t\t\t\t\t\t\t<p>LaserBond\u00ae Laser Cladding, also called Laser Metal Deposition (LMD) is a high performance additive manufacturing procedure which utilises precisely-controlled energy from a high power laser to metallurgically-bond a surfacing material to a substrate to provide very high performance surfaces to new parts for extended operating life. With this precise control, a welded or metallurgical bond is achieved with minimal impacts and effects of heat on both the substrate and surface material.<\/p><p>LaserBond\u00ae Laser Cladding technologies offer a broad spectrum of industries confronting component and equipment wear issues significant opportunities to reduce maintenance costs and enhance operating performance.<\/p>\t\t\t\t\t\t\t\t<\/div>\n\t\t\t\t<\/div>\n\t\t\t\t<\/div>\n\t\t<div class=\"elementor-element elementor-element-4ba63e61 e-flex e-con-boxed e-con e-child\" data-id=\"4ba63e61\" data-element_type=\"container\" data-e-type=\"container\">\n\t\t\t\t\t<div class=\"e-con-inner\">\n\t\t\t\t<div class=\"elementor-element elementor-element-4aa0917a elementor-arrows-position-inside elementor-pagination-position-outside elementor-widget elementor-widget-image-carousel\" data-id=\"4aa0917a\" data-element_type=\"widget\" data-e-type=\"widget\" data-settings=\"{&quot;slides_to_show&quot;:&quot;1&quot;,&quot;navigation&quot;:&quot;both&quot;,&quot;autoplay&quot;:&quot;yes&quot;,&quot;pause_on_hover&quot;:&quot;yes&quot;,&quot;pause_on_interaction&quot;:&quot;yes&quot;,&quot;autoplay_speed&quot;:5000,&quot;infinite&quot;:&quot;yes&quot;,&quot;effect&quot;:&quot;slide&quot;,&quot;speed&quot;:500}\" data-widget_type=\"image-carousel.default\">\n\t\t\t\t<div class=\"elementor-widget-container\">\n\t\t\t\t\t\t\t<div class=\"elementor-image-carousel-wrapper swiper\" role=\"region\" aria-roledescription=\"carousel\" aria-label=\"Image Carousel\" dir=\"ltr\">\n\t\t\t<div class=\"elementor-image-carousel swiper-wrapper\" aria-live=\"off\">\n\t\t\t\t\t\t\t\t<div class=\"swiper-slide\" role=\"group\" aria-roledescription=\"slide\" aria-label=\"1 of 4\"><figure class=\"swiper-slide-inner\"><img decoding=\"async\" class=\"swiper-slide-image\" src=\"https:\/\/www.laserbond.com\/app\/uploads\/2024\/02\/laser-cladding-1-0d97962156.jpeg\" alt=\"laser-cladding-1-0d97962156\" \/><\/figure><\/div><div class=\"swiper-slide\" role=\"group\" aria-roledescription=\"slide\" aria-label=\"2 of 4\"><figure class=\"swiper-slide-inner\"><img decoding=\"async\" class=\"swiper-slide-image\" src=\"https:\/\/www.laserbond.com\/app\/uploads\/2024\/02\/eclad-8173d97ff1.png\" alt=\"eclad-8173d97ff1\" \/><\/figure><\/div><div class=\"swiper-slide\" role=\"group\" aria-roledescription=\"slide\" aria-label=\"3 of 4\"><figure class=\"swiper-slide-inner\"><img decoding=\"async\" class=\"swiper-slide-image\" src=\"https:\/\/www.laserbond.com\/app\/uploads\/2024\/02\/laser-cladding-4-d953fb2d82.jpeg\" alt=\"laser-cladding-4-d953fb2d82\" \/><\/figure><\/div><div class=\"swiper-slide\" role=\"group\" aria-roledescription=\"slide\" aria-label=\"4 of 4\"><figure class=\"swiper-slide-inner\"><img decoding=\"async\" class=\"swiper-slide-image\" src=\"https:\/\/www.laserbond.com\/app\/uploads\/2024\/02\/laser-cladding-3-6898ac0d73.jpeg\" alt=\"laser-cladding-3-6898ac0d73\" \/><\/figure><\/div>\t\t\t<\/div>\n\t\t\t\t\t\t\t\t\t\t\t\t<div class=\"elementor-swiper-button elementor-swiper-button-prev\" role=\"button\" tabindex=\"0\">\n\t\t\t\t\t\t<i aria-hidden=\"true\" class=\"eicon-chevron-left\"><\/i>\t\t\t\t\t<\/div>\n\t\t\t\t\t<div class=\"elementor-swiper-button elementor-swiper-button-next\" role=\"button\" tabindex=\"0\">\n\t\t\t\t\t\t<i aria-hidden=\"true\" class=\"eicon-chevron-right\"><\/i>\t\t\t\t\t<\/div>\n\t\t\t\t\n\t\t\t\t\t\t\t\t\t<div class=\"swiper-pagination\"><\/div>\n\t\t\t\t\t\t\t\t\t<\/div>\n\t\t\t\t\t\t<\/div>\n\t\t\t\t<\/div>\n\t\t\t\t\t<\/div>\n\t\t\t\t<\/div>\n\t\t\t\t\t<\/div>\n\t\t\t\t<\/div>\n\t\t<div class=\"elementor-element elementor-element-5b1107bc e-flex e-con-boxed e-con e-parent\" data-id=\"5b1107bc\" data-element_type=\"container\" data-e-type=\"container\">\n\t\t\t\t\t<div class=\"e-con-inner\">\n\t\t<div class=\"elementor-element elementor-element-5cf1b082 e-con-full e-flex e-con e-child\" data-id=\"5cf1b082\" data-element_type=\"container\" data-e-type=\"container\">\n\t\t\t\t<div class=\"elementor-element elementor-element-cceb756 elementor-widget elementor-widget-heading\" data-id=\"cceb756\" data-element_type=\"widget\" data-e-type=\"widget\" data-widget_type=\"heading.default\">\n\t\t\t\t<div class=\"elementor-widget-container\">\n\t\t\t\t\t<h3 class=\"elementor-heading-title elementor-size-default\">Benefits:<\/h3>\t\t\t\t<\/div>\n\t\t\t\t<\/div>\n\t\t\t\t<div class=\"elementor-element elementor-element-22009f19 elementor-widget elementor-widget-text-editor\" data-id=\"22009f19\" data-element_type=\"widget\" data-e-type=\"widget\" data-widget_type=\"text-editor.default\">\n\t\t\t\t<div class=\"elementor-widget-container\">\n\t\t\t\t\t\t\t\t\t<ul><li>Limited dilution of coating for maximum purity and performance<\/li><li>Precise, fully-fused deposit layer<\/li><li>Short processing time minimises heat spread and impact<\/li><li>Improves component wear performance<\/li><li>Cost effective component life extension<\/li><li>Can be used to reclaim worn or fatigued components<\/li><li>Reduces maintenance and part replacement costs<\/li><li>Suitable for sensitive components<\/li><\/ul>\t\t\t\t\t\t\t\t<\/div>\n\t\t\t\t<\/div>\n\t\t\t\t<\/div>\n\t\t<div class=\"elementor-element elementor-element-d55b803 e-con-full e-flex e-con e-child\" data-id=\"d55b803\" data-element_type=\"container\" data-e-type=\"container\">\n\t\t\t\t<div class=\"elementor-element elementor-element-2b41cb46 elementor-widget elementor-widget-heading\" data-id=\"2b41cb46\" data-element_type=\"widget\" data-e-type=\"widget\" data-widget_type=\"heading.default\">\n\t\t\t\t<div class=\"elementor-widget-container\">\n\t\t\t\t\t<h3 class=\"elementor-heading-title elementor-size-default\">Applications:<\/h3>\t\t\t\t<\/div>\n\t\t\t\t<\/div>\n\t\t\t\t<div class=\"elementor-element elementor-element-36682bed elementor-widget elementor-widget-text-editor\" data-id=\"36682bed\" data-element_type=\"widget\" data-e-type=\"widget\" data-widget_type=\"text-editor.default\">\n\t\t\t\t<div class=\"elementor-widget-container\">\n\t\t\t\t\t\t\t\t\t<ul><li>High erosion from liquid or gas flows<\/li><li>High impact conditions<\/li><li>Part-to-part wear and abrasion<\/li><\/ul>\t\t\t\t\t\t\t\t<\/div>\n\t\t\t\t<\/div>\n\t\t\t\t<\/div>\n\t\t\t\t\t<\/div>\n\t\t\t\t<\/div>\n\t\t<div class=\"elementor-element elementor-element-2e474c89 e-flex e-con-boxed e-con e-parent\" data-id=\"2e474c89\" data-element_type=\"container\" data-e-type=\"container\">\n\t\t\t\t\t<div class=\"e-con-inner\">\n\t\t\t\t<div class=\"elementor-element elementor-element-77bc6c2 elementor-align-left elementor-mobile-align-center elementor-widget elementor-widget-button\" data-id=\"77bc6c2\" data-element_type=\"widget\" data-e-type=\"widget\" data-widget_type=\"button.default\">\n\t\t\t\t<div class=\"elementor-widget-container\">\n\t\t\t\t\t\t\t\t\t<div class=\"elementor-button-wrapper\">\n\t\t\t\t\t<a class=\"elementor-button elementor-button-link elementor-size-md\" href=\"https:\/\/www.laserbond.com\/fr\/services-we-offer\/technologies-we-use\/laser-cladding\/more-about-laser-cladding\/\">\n\t\t\t\t\t\t<span class=\"elementor-button-content-wrapper\">\n\t\t\t\t\t\t\t\t\t<span class=\"elementor-button-text\">Read More Detail on Laser Cladding<\/span>\n\t\t\t\t\t<\/span>\n\t\t\t\t\t<\/a>\n\t\t\t\t<\/div>\n\t\t\t\t\t\t\t\t<\/div>\n\t\t\t\t<\/div>\n\t\t\t\t\t<\/div>\n\t\t\t\t<\/div>\n\t\t<div class=\"elementor-element elementor-element-1c1d855 e-flex e-con-boxed e-con e-parent\" data-id=\"1c1d855\" data-element_type=\"container\" data-e-type=\"container\">\n\t\t\t\t\t<div class=\"e-con-inner\">\n\t\t\t\t<div class=\"elementor-element elementor-element-0352fbb elementor-align-left elementor-mobile-align-center elementor-widget elementor-widget-button\" data-id=\"0352fbb\" data-element_type=\"widget\" data-e-type=\"widget\" data-widget_type=\"button.default\">\n\t\t\t\t<div class=\"elementor-widget-container\">\n\t\t\t\t\t\t\t\t\t<div class=\"elementor-button-wrapper\">\n\t\t\t\t\t<a class=\"elementor-button elementor-button-link elementor-size-md\" href=\"https:\/\/www.laserbond.com\/fr\/services-we-offer\/technologies-we-use\/laser-cladding\/frequently-asked-questions\/\">\n\t\t\t\t\t\t<span class=\"elementor-button-content-wrapper\">\n\t\t\t\t\t\t\t\t\t<span class=\"elementor-button-text\">FAQ - Laser Cladding<\/span>\n\t\t\t\t\t<\/span>\n\t\t\t\t\t<\/a>\n\t\t\t\t<\/div>\n\t\t\t\t\t\t\t\t<\/div>\n\t\t\t\t<\/div>\n\t\t\t\t\t<\/div>\n\t\t\t\t<\/div>\n\t\t<div class=\"elementor-element elementor-element-2edc0c51 e-flex e-con-boxed e-con e-parent\" data-id=\"2edc0c51\" data-element_type=\"container\" data-e-type=\"container\">\n\t\t\t\t\t<div class=\"e-con-inner\">\n\t\t\t\t\t<\/div>\n\t\t\t\t<\/div>\n\t\t<div class=\"elementor-element elementor-element-3ac97592 e-flex e-con-boxed e-con e-parent\" data-id=\"3ac97592\" data-element_type=\"container\" data-e-type=\"container\">\n\t\t\t\t\t<div class=\"e-con-inner\">\n\t\t\t\t<div class=\"elementor-element elementor-element-5e80e020 elementor-widget-divider--view-line elementor-widget elementor-widget-divider\" data-id=\"5e80e020\" data-element_type=\"widget\" data-e-type=\"widget\" data-widget_type=\"divider.default\">\n\t\t\t\t<div class=\"elementor-widget-container\">\n\t\t\t\t\t\t\t<div class=\"elementor-divider\">\n\t\t\t<span class=\"elementor-divider-separator\">\n\t\t\t\t\t\t<\/span>\n\t\t<\/div>\n\t\t\t\t\t\t<\/div>\n\t\t\t\t<\/div>\n\t\t\t\t\t<\/div>\n\t\t\t\t<\/div>\n\t\t<div class=\"elementor-element elementor-element-6c5d120e e-flex e-con-boxed e-con e-parent\" data-id=\"6c5d120e\" data-element_type=\"container\" data-e-type=\"container\">\n\t\t\t\t\t<div class=\"e-con-inner\">\n\t\t\t\t<div class=\"elementor-element elementor-element-cd430a2 elementor-widget elementor-widget-heading\" data-id=\"cd430a2\" data-element_type=\"widget\" data-e-type=\"widget\" data-widget_type=\"heading.default\">\n\t\t\t\t<div class=\"elementor-widget-container\">\n\t\t\t\t\t<h2 class=\"elementor-heading-title elementor-size-default\">Downloads<\/h2>\t\t\t\t<\/div>\n\t\t\t\t<\/div>\n\t\t\t\t\t<\/div>\n\t\t\t\t<\/div>\n\t\t<div class=\"elementor-element elementor-element-91917e1 download_links e-flex e-con-boxed e-con e-parent\" data-id=\"91917e1\" data-element_type=\"container\" data-e-type=\"container\">\n\t\t\t\t\t<div class=\"e-con-inner\">\n\t\t\t\t<div class=\"elementor-element elementor-element-1165524 download_links elementor-icon-list--layout-traditional elementor-list-item-link-full_width elementor-widget elementor-widget-icon-list\" data-id=\"1165524\" data-element_type=\"widget\" data-e-type=\"widget\" data-widget_type=\"icon-list.default\">\n\t\t\t\t<div class=\"elementor-widget-container\">\n\t\t\t\t\t\t\t<ul class=\"elementor-icon-list-items\">\n\t\t\t\t\t\t\t<li class=\"elementor-icon-list-item\">\n\t\t\t\t\t\t\t\t\t\t\t<a href=\"https:\/\/www.laserbond.com\/fr\/app\/uploads\/2025\/05\/5-8492-LB-ProdApp-Cladding-FINAL.pdf\/\" target=\"_blank\">\n\n\t\t\t\t\t\t\t\t\t\t\t\t<span class=\"elementor-icon-list-icon\">\n\t\t\t\t\t\t\t<i aria-hidden=\"true\" class=\"fal fa-download\"><\/i>\t\t\t\t\t\t<\/span>\n\t\t\t\t\t\t\t\t\t\t<span class=\"elementor-icon-list-text\">Download Cladding brochure \u2013 ProdApp-Cladding (PDF)<\/span>\n\t\t\t\t\t\t\t\t\t\t\t<\/a>\n\t\t\t\t\t\t\t\t\t<\/li>\n\t\t\t\t\t\t<\/ul>\n\t\t\t\t\t\t<\/div>\n\t\t\t\t<\/div>\n\t\t\t\t\t<\/div>\n\t\t\t\t<\/div>\n\t\t<div class=\"elementor-element elementor-element-29fbe35 download_links e-flex e-con-boxed e-con e-parent\" data-id=\"29fbe35\" data-element_type=\"container\" data-e-type=\"container\">\n\t\t\t\t\t<div class=\"e-con-inner\">\n\t\t\t\t<div class=\"elementor-element elementor-element-38bd994f download_links elementor-icon-list--layout-traditional elementor-list-item-link-full_width elementor-widget elementor-widget-global elementor-global-2785 elementor-widget-icon-list\" data-id=\"38bd994f\" data-element_type=\"widget\" data-e-type=\"widget\" data-widget_type=\"icon-list.default\">\n\t\t\t\t<div class=\"elementor-widget-container\">\n\t\t\t\t\t\t\t<ul class=\"elementor-icon-list-items\">\n\t\t\t\t\t\t\t<li class=\"elementor-icon-list-item\">\n\t\t\t\t\t\t\t\t\t\t\t<a href=\"https:\/\/www.laserbond.com\/fr\/app\/uploads\/2024\/03\/5-8493-LaserBond-Cap-Statement-Jan-2025-FINAL.pdf\/\" target=\"_blank\">\n\n\t\t\t\t\t\t\t\t\t\t\t\t<span class=\"elementor-icon-list-icon\">\n\t\t\t\t\t\t\t<i aria-hidden=\"true\" class=\"fal fa-download\"><\/i>\t\t\t\t\t\t<\/span>\n\t\t\t\t\t\t\t\t\t\t<span class=\"elementor-icon-list-text\">Download Capability Statement (PDF)<\/span>\n\t\t\t\t\t\t\t\t\t\t\t<\/a>\n\t\t\t\t\t\t\t\t\t<\/li>\n\t\t\t\t\t\t<\/ul>\n\t\t\t\t\t\t<\/div>\n\t\t\t\t<\/div>\n\t\t\t\t\t<\/div>\n\t\t\t\t<\/div>\n\t\t\t\t<\/div>","protected":false},"excerpt":{"rendered":"<p>Proc\u00e9d\u00e9 de rev\u00eatement et de fabrication additive haute performance.<\/p>","protected":false},"author":1,"featured_media":2000,"parent":65,"menu_order":0,"comment_status":"closed","ping_status":"closed","template":"","meta":{"_acf_changed":false,"content-type":"","footnotes":""},"class_list":["post-3099","page","type-page","status-publish","has-post-thumbnail","hentry"],"acf":[],"yoast_head":"<!-- This site is optimized with the Yoast SEO plugin v27.1.1 - https:\/\/yoast.com\/product\/yoast-seo-wordpress\/ -->\n<title>LaserBond Laser Machine Cladding Technology | Surface Engineering<\/title>\n<meta name=\"description\" content=\"The team at LaserBond are experts in laser cladding and other technologies that extend the life and wear of metal components and equipment. Phone us today.\" \/>\n<meta name=\"robots\" content=\"index, follow, max-snippet:-1, max-image-preview:large, max-video-preview:-1\" \/>\n<link rel=\"canonical\" href=\"https:\/\/www.laserbond.com\/fr\/services-we-offer\/technologies-we-use\/laser-cladding\/\" \/>\n<meta property=\"og:locale\" content=\"fr_FR\" \/>\n<meta property=\"og:type\" content=\"article\" \/>\n<meta property=\"og:title\" content=\"LaserBond Laser Machine Cladding Technology | Surface Engineering\" \/>\n<meta property=\"og:description\" content=\"The team at LaserBond are experts in laser cladding and other technologies that extend the life and wear of metal components and equipment. Phone us today.\" \/>\n<meta property=\"og:url\" content=\"https:\/\/www.laserbond.com\/fr\/services-we-offer\/technologies-we-use\/laser-cladding\/\" \/>\n<meta property=\"og:site_name\" content=\"Laserbond\" \/>\n<meta property=\"article:modified_time\" content=\"2025-05-16T05:15:28+00:00\" \/>\n<meta property=\"og:image\" content=\"https:\/\/www.laserbond.com\/app\/uploads\/2023\/12\/laser-cladding.jpg\" \/>\n\t<meta property=\"og:image:width\" content=\"400\" \/>\n\t<meta property=\"og:image:height\" content=\"400\" \/>\n\t<meta property=\"og:image:type\" content=\"image\/jpeg\" \/>\n<meta name=\"twitter:card\" content=\"summary_large_image\" \/>\n<meta name=\"twitter:label1\" content=\"Dur\u00e9e de lecture estim\u00e9e\" \/>\n\t<meta name=\"twitter:data1\" content=\"2 minutes\" \/>\n<script type=\"application\/ld+json\" class=\"yoast-schema-graph\">{\"@context\":\"https:\/\/schema.org\",\"@graph\":[{\"@type\":\"WebPage\",\"@id\":\"https:\/\/www.laserbond.com\/services-we-offer\/technologies-we-use\/laser-cladding\/\",\"url\":\"https:\/\/www.laserbond.com\/services-we-offer\/technologies-we-use\/laser-cladding\/\",\"name\":\"LaserBond Laser Machine Cladding Technology | Surface Engineering\",\"isPartOf\":{\"@id\":\"https:\/\/www.laserbond.com\/#website\"},\"primaryImageOfPage\":{\"@id\":\"https:\/\/www.laserbond.com\/services-we-offer\/technologies-we-use\/laser-cladding\/#primaryimage\"},\"image\":{\"@id\":\"https:\/\/www.laserbond.com\/services-we-offer\/technologies-we-use\/laser-cladding\/#primaryimage\"},\"thumbnailUrl\":\"https:\/\/www.laserbond.com\/app\/uploads\/2023\/12\/laser-cladding.jpg\",\"datePublished\":\"2024-01-03T20:19:34+00:00\",\"dateModified\":\"2025-05-16T05:15:28+00:00\",\"description\":\"The team at LaserBond are experts in laser cladding and other technologies that extend the life and wear of metal components and equipment. Phone us today.\",\"breadcrumb\":{\"@id\":\"https:\/\/www.laserbond.com\/services-we-offer\/technologies-we-use\/laser-cladding\/#breadcrumb\"},\"inLanguage\":\"fr-FR\",\"potentialAction\":[{\"@type\":\"ReadAction\",\"target\":[\"https:\/\/www.laserbond.com\/services-we-offer\/technologies-we-use\/laser-cladding\/\"]}]},{\"@type\":\"ImageObject\",\"inLanguage\":\"fr-FR\",\"@id\":\"https:\/\/www.laserbond.com\/services-we-offer\/technologies-we-use\/laser-cladding\/#primaryimage\",\"url\":\"https:\/\/www.laserbond.com\/app\/uploads\/2023\/12\/laser-cladding.jpg\",\"contentUrl\":\"https:\/\/www.laserbond.com\/app\/uploads\/2023\/12\/laser-cladding.jpg\",\"width\":400,\"height\":400},{\"@type\":\"BreadcrumbList\",\"@id\":\"https:\/\/www.laserbond.com\/services-we-offer\/technologies-we-use\/laser-cladding\/#breadcrumb\",\"itemListElement\":[{\"@type\":\"ListItem\",\"position\":1,\"name\":\"Home\",\"item\":\"https:\/\/www.laserbond.com\/\"},{\"@type\":\"ListItem\",\"position\":2,\"name\":\"Services We Offer\",\"item\":\"https:\/\/www.laserbond.com\/services-we-offer\/\"},{\"@type\":\"ListItem\",\"position\":3,\"name\":\"Technologies We Use\",\"item\":\"https:\/\/www.laserbond.com\/services-we-offer\/technologies-we-use\/\"},{\"@type\":\"ListItem\",\"position\":4,\"name\":\"Laser Cladding\"}]},{\"@type\":\"WebSite\",\"@id\":\"https:\/\/www.laserbond.com\/#website\",\"url\":\"https:\/\/www.laserbond.com\/\",\"name\":\"Laserbond\",\"description\":\"Surface Engineering Company in Australia\",\"publisher\":{\"@id\":\"https:\/\/www.laserbond.com\/#organization\"},\"potentialAction\":[{\"@type\":\"SearchAction\",\"target\":{\"@type\":\"EntryPoint\",\"urlTemplate\":\"https:\/\/www.laserbond.com\/?s={search_term_string}\"},\"query-input\":{\"@type\":\"PropertyValueSpecification\",\"valueRequired\":true,\"valueName\":\"search_term_string\"}}],\"inLanguage\":\"fr-FR\"},{\"@type\":\"Organization\",\"@id\":\"https:\/\/www.laserbond.com\/#organization\",\"name\":\"Laserbond\",\"url\":\"https:\/\/www.laserbond.com\/\",\"logo\":{\"@type\":\"ImageObject\",\"inLanguage\":\"fr-FR\",\"@id\":\"https:\/\/www.laserbond.com\/#\/schema\/logo\/image\/\",\"url\":\"https:\/\/www.laserbond.com\/app\/uploads\/2023\/05\/logo.png\",\"contentUrl\":\"https:\/\/www.laserbond.com\/app\/uploads\/2023\/05\/logo.png\",\"width\":345,\"height\":57,\"caption\":\"Laserbond\"},\"image\":{\"@id\":\"https:\/\/www.laserbond.com\/#\/schema\/logo\/image\/\"}}]}<\/script>\n<!-- \/ Yoast SEO plugin. -->","yoast_head_json":{"title":"LaserBond Laser Machine Cladding Technology | Surface Engineering","description":"The team at LaserBond are experts in laser cladding and other technologies that extend the life and wear of metal components and equipment. Phone us today.","robots":{"index":"index","follow":"follow","max-snippet":"max-snippet:-1","max-image-preview":"max-image-preview:large","max-video-preview":"max-video-preview:-1"},"canonical":"https:\/\/www.laserbond.com\/fr\/services-we-offer\/technologies-we-use\/laser-cladding\/","og_locale":"fr_FR","og_type":"article","og_title":"LaserBond Laser Machine Cladding Technology | Surface Engineering","og_description":"The team at LaserBond are experts in laser cladding and other technologies that extend the life and wear of metal components and equipment. Phone us today.","og_url":"https:\/\/www.laserbond.com\/fr\/services-we-offer\/technologies-we-use\/laser-cladding\/","og_site_name":"Laserbond","article_modified_time":"2025-05-16T05:15:28+00:00","og_image":[{"width":400,"height":400,"url":"https:\/\/www.laserbond.com\/app\/uploads\/2023\/12\/laser-cladding.jpg","type":"image\/jpeg"}],"twitter_card":"summary_large_image","twitter_misc":{"Dur\u00e9e de lecture estim\u00e9e":"2 minutes"},"schema":{"@context":"https:\/\/schema.org","@graph":[{"@type":"WebPage","@id":"https:\/\/www.laserbond.com\/services-we-offer\/technologies-we-use\/laser-cladding\/","url":"https:\/\/www.laserbond.com\/services-we-offer\/technologies-we-use\/laser-cladding\/","name":"LaserBond Laser Machine Cladding Technology | Surface Engineering","isPartOf":{"@id":"https:\/\/www.laserbond.com\/#website"},"primaryImageOfPage":{"@id":"https:\/\/www.laserbond.com\/services-we-offer\/technologies-we-use\/laser-cladding\/#primaryimage"},"image":{"@id":"https:\/\/www.laserbond.com\/services-we-offer\/technologies-we-use\/laser-cladding\/#primaryimage"},"thumbnailUrl":"https:\/\/www.laserbond.com\/app\/uploads\/2023\/12\/laser-cladding.jpg","datePublished":"2024-01-03T20:19:34+00:00","dateModified":"2025-05-16T05:15:28+00:00","description":"The team at LaserBond are experts in laser cladding and other technologies that extend the life and wear of metal components and equipment. Phone us today.","breadcrumb":{"@id":"https:\/\/www.laserbond.com\/services-we-offer\/technologies-we-use\/laser-cladding\/#breadcrumb"},"inLanguage":"fr-FR","potentialAction":[{"@type":"ReadAction","target":["https:\/\/www.laserbond.com\/services-we-offer\/technologies-we-use\/laser-cladding\/"]}]},{"@type":"ImageObject","inLanguage":"fr-FR","@id":"https:\/\/www.laserbond.com\/services-we-offer\/technologies-we-use\/laser-cladding\/#primaryimage","url":"https:\/\/www.laserbond.com\/app\/uploads\/2023\/12\/laser-cladding.jpg","contentUrl":"https:\/\/www.laserbond.com\/app\/uploads\/2023\/12\/laser-cladding.jpg","width":400,"height":400},{"@type":"BreadcrumbList","@id":"https:\/\/www.laserbond.com\/services-we-offer\/technologies-we-use\/laser-cladding\/#breadcrumb","itemListElement":[{"@type":"ListItem","position":1,"name":"Home","item":"https:\/\/www.laserbond.com\/"},{"@type":"ListItem","position":2,"name":"Services We Offer","item":"https:\/\/www.laserbond.com\/services-we-offer\/"},{"@type":"ListItem","position":3,"name":"Technologies We Use","item":"https:\/\/www.laserbond.com\/services-we-offer\/technologies-we-use\/"},{"@type":"ListItem","position":4,"name":"Laser Cladding"}]},{"@type":"WebSite","@id":"https:\/\/www.laserbond.com\/#website","url":"https:\/\/www.laserbond.com\/","name":"Laserbond","description":"Surface Engineering Company in Australia","publisher":{"@id":"https:\/\/www.laserbond.com\/#organization"},"potentialAction":[{"@type":"SearchAction","target":{"@type":"EntryPoint","urlTemplate":"https:\/\/www.laserbond.com\/?s={search_term_string}"},"query-input":{"@type":"PropertyValueSpecification","valueRequired":true,"valueName":"search_term_string"}}],"inLanguage":"fr-FR"},{"@type":"Organization","@id":"https:\/\/www.laserbond.com\/#organization","name":"Laserbond","url":"https:\/\/www.laserbond.com\/","logo":{"@type":"ImageObject","inLanguage":"fr-FR","@id":"https:\/\/www.laserbond.com\/#\/schema\/logo\/image\/","url":"https:\/\/www.laserbond.com\/app\/uploads\/2023\/05\/logo.png","contentUrl":"https:\/\/www.laserbond.com\/app\/uploads\/2023\/05\/logo.png","width":345,"height":57,"caption":"Laserbond"},"image":{"@id":"https:\/\/www.laserbond.com\/#\/schema\/logo\/image\/"}}]}},"_links":{"self":[{"href":"https:\/\/www.laserbond.com\/fr\/wp-json\/wp\/v2\/pages\/3099","targetHints":{"allow":["GET"]}}],"collection":[{"href":"https:\/\/www.laserbond.com\/fr\/wp-json\/wp\/v2\/pages"}],"about":[{"href":"https:\/\/www.laserbond.com\/fr\/wp-json\/wp\/v2\/types\/page"}],"author":[{"embeddable":true,"href":"https:\/\/www.laserbond.com\/fr\/wp-json\/wp\/v2\/users\/1"}],"replies":[{"embeddable":true,"href":"https:\/\/www.laserbond.com\/fr\/wp-json\/wp\/v2\/comments?post=3099"}],"version-history":[{"count":25,"href":"https:\/\/www.laserbond.com\/fr\/wp-json\/wp\/v2\/pages\/3099\/revisions"}],"predecessor-version":[{"id":7205,"href":"https:\/\/www.laserbond.com\/fr\/wp-json\/wp\/v2\/pages\/3099\/revisions\/7205"}],"up":[{"embeddable":true,"href":"https:\/\/www.laserbond.com\/fr\/wp-json\/wp\/v2\/pages\/65"}],"wp:featuredmedia":[{"embeddable":true,"href":"https:\/\/www.laserbond.com\/fr\/wp-json\/wp\/v2\/media\/2000"}],"wp:attachment":[{"href":"https:\/\/www.laserbond.com\/fr\/wp-json\/wp\/v2\/media?parent=3099"}],"curies":[{"name":"wp","href":"https:\/\/api.w.org\/{rel}","templated":true}]}}